{"id":5342,"date":"2024-09-16T09:59:20","date_gmt":"2024-09-16T13:59:20","guid":{"rendered":"https:\/\/conference.crpa-acrp.ca\/?page_id=5342"},"modified":"2026-05-15T03:14:50","modified_gmt":"2026-05-15T07:14:50","slug":"col-2027","status":"publish","type":"page","link":"https:\/\/conference.crpa-acrp.ca\/fr\/col-2027\/","title":{"rendered":"COL 2027"},"content":{"rendered":"\t\t<div data-elementor-type=\"wp-page\" data-elementor-id=\"5342\" class=\"elementor elementor-5342 elementor-5649\" data-elementor-post-type=\"page\">\n\t\t\t\t\t\t<section class=\"elementor-section elementor-top-section elementor-element elementor-element-b832bac elementor-section-full_width elementor-section-height-min-height elementor-section-content-top elementor-section-stretched elementor-section-height-default elementor-section-items-middle\" data-id=\"b832bac\" data-element_type=\"section\" data-e-type=\"section\" data-settings=\"{&quot;stretch_section&quot;:&quot;section-stretched&quot;,&quot;background_background&quot;:&quot;classic&quot;}\">\n\t\t\t\t\t\t\t<div class=\"elementor-background-overlay\"><\/div>\n\t\t\t\t\t\t\t<div class=\"elementor-container elementor-column-gap-narrow\">\n\t\t\t\t\t<div class=\"elementor-column elementor-col-100 elementor-top-column elementor-element elementor-element-0259b23\" data-id=\"0259b23\" data-element_type=\"column\" data-e-type=\"column\" data-settings=\"{&quot;background_background&quot;:&quot;classic&quot;}\">\n\t\t\t<div class=\"elementor-widget-wrap elementor-element-populated\">\n\t\t\t\t\t\t<div class=\"elementor-element elementor-element-010a5f7 elementor-widget elementor-widget-text-editor\" data-id=\"010a5f7\" data-element_type=\"widget\" data-e-type=\"widget\" data-widget_type=\"text-editor.default\">\n\t\t\t\t<div class=\"elementor-widget-container\">\n\t\t\t\t\t\t\t\t\t<p style=\"text-align: center;\"><span style=\"color: #ffffff;\">Comit\u00e9 organisateur local<\/span><\/p>\t\t\t\t\t\t\t\t<\/div>\n\t\t\t\t<\/div>\n\t\t\t\t\t<\/div>\n\t\t<\/div>\n\t\t\t\t\t<\/div>\n\t\t<\/section>\n\t\t\t\t<section class=\"elementor-section elementor-top-section elementor-element elementor-element-86a3f1d elementor-section-full_width elementor-section-height-default elementor-section-height-default\" data-id=\"86a3f1d\" data-element_type=\"section\" data-e-type=\"section\">\n\t\t\t\t\t\t\t<div class=\"elementor-background-overlay\"><\/div>\n\t\t\t\t\t\t\t<div class=\"elementor-container elementor-column-gap-default\">\n\t\t\t\t\t<div class=\"elementor-column elementor-col-100 elementor-top-column elementor-element elementor-element-e469138\" data-id=\"e469138\" data-element_type=\"column\" data-e-type=\"column\" data-settings=\"{&quot;background_background&quot;:&quot;classic&quot;}\">\n\t\t\t<div class=\"elementor-widget-wrap elementor-element-populated\">\n\t\t\t\t\t\t<div class=\"elementor-element elementor-element-7fada83 elementor-widget elementor-widget-text-editor\" data-id=\"7fada83\" data-element_type=\"widget\" data-e-type=\"widget\" data-widget_type=\"text-editor.default\">\n\t\t\t\t<div class=\"elementor-widget-container\">\n\t\t\t\t\t\t\t\t\t<h1 style=\"text-align: center;\"><strong>COL 2027<\/strong><\/h1>\t\t\t\t\t\t\t\t<\/div>\n\t\t\t\t<\/div>\n\t\t\t\t<div class=\"elementor-element elementor-element-14d2811 elementor-widget elementor-widget-text-editor\" data-id=\"14d2811\" data-element_type=\"widget\" data-e-type=\"widget\" data-widget_type=\"text-editor.default\">\n\t\t\t\t<div class=\"elementor-widget-container\">\n\t\t\t\t\t\t\t\t\t<h3 style=\"text-align: center;\"><span style=\"color: #3366ff;\"><strong>Copr\u00e9sident(e)s<\/strong><\/span><\/h3><h4 style=\"text-align: center;\"><span style=\"color: #000000;\">Joe Cortese, (A)ACRP &#8211; Institut de technologie de la Colombie-Britannique<\/span><\/h4><h4 style=\"text-align: center;\"><span style=\"color: #000000;\">Roxana Ralea, (A)ACRP &#8211; TRIUMF<\/span><\/h4>\t\t\t\t\t\t\t\t<\/div>\n\t\t\t\t<\/div>\n\t\t\t\t\t<\/div>\n\t\t<\/div>\n\t\t\t\t\t<\/div>\n\t\t<\/section>\n\t\t<div class=\"elementor-element elementor-element-ebe9dfa e-grid e-con-boxed e-con e-parent\" data-id=\"ebe9dfa\" data-element_type=\"container\" data-e-type=\"container\" data-settings=\"{&quot;background_background&quot;:&quot;classic&quot;}\">\n\t\t\t\t\t<div class=\"e-con-inner\">\n\t\t\t\t<div class=\"elementor-element elementor-element-9bf6342 elementor-widget elementor-widget-text-editor\" data-id=\"9bf6342\" data-element_type=\"widget\" data-e-type=\"widget\" data-widget_type=\"text-editor.default\">\n\t\t\t\t<div class=\"elementor-widget-container\">\n\t\t\t\t\t\t\t\t\t<p style=\"text-align: center;\"><strong>BCCancer<\/strong><\/p><p style=\"text-align: center;\"><span style=\"color: #000000;\">Sheila MacMahon<\/span><\/p><p style=\"text-align: center;\"><span style=\"color: #000000;\">Peter Petric<\/span><\/p>\t\t\t\t\t\t\t\t<\/div>\n\t\t\t\t<\/div>\n\t\t\t\t<div class=\"elementor-element elementor-element-6231a3b elementor-widget elementor-widget-text-editor\" data-id=\"6231a3b\" data-element_type=\"widget\" data-e-type=\"widget\" data-widget_type=\"text-editor.default\">\n\t\t\t\t<div class=\"elementor-widget-container\">\n\t\t\t\t\t\t\t\t\t<p style=\"text-align: center;\"><strong>Initio Nuclear Medicine<\/strong><\/p><p style=\"text-align: center;\"><span style=\"color: #000000;\">Carrisa Basham<\/span><\/p><p style=\"text-align: center;\"><span style=\"color: #000000;\">Reza Razavi<\/span><\/p>\t\t\t\t\t\t\t\t<\/div>\n\t\t\t\t<\/div>\n\t\t\t\t<div class=\"elementor-element elementor-element-6a26c32 elementor-widget elementor-widget-text-editor\" data-id=\"6a26c32\" data-element_type=\"widget\" data-e-type=\"widget\" data-widget_type=\"text-editor.default\">\n\t\t\t\t<div class=\"elementor-widget-container\">\n\t\t\t\t\t\t\t\t\t<p style=\"text-align: center;\"><strong>Universit\u00e9 Simon Fraser<\/strong><\/p><p style=\"text-align: center;\"><span style=\"color: #000000;\">David Qu<\/span><\/p><p style=\"text-align: center;\"><span style=\"color: #000000;\">Jutta Rickers-Haunerlan<\/span><\/p>\t\t\t\t\t\t\t\t<\/div>\n\t\t\t\t<\/div>\n\t\t\t\t\t<\/div>\n\t\t\t\t<\/div>\n\t\t<div class=\"elementor-element elementor-element-bf23055 e-grid e-con-boxed e-con e-parent\" data-id=\"bf23055\" data-element_type=\"container\" data-e-type=\"container\" data-settings=\"{&quot;background_background&quot;:&quot;classic&quot;}\">\n\t\t\t\t\t<div class=\"e-con-inner\">\n\t\t\t\t<div class=\"elementor-element elementor-element-534cb3e elementor-widget elementor-widget-text-editor\" data-id=\"534cb3e\" data-element_type=\"widget\" data-e-type=\"widget\" data-widget_type=\"text-editor.default\">\n\t\t\t\t<div class=\"elementor-widget-container\">\n\t\t\t\t\t\t\t\t\t<p style=\"text-align: center;\"><strong>TRIUMF<\/strong><\/p><p style=\"text-align: center;\"><span style=\"color: #000000;\">Justin Dileo, (A)ACRP<\/span><\/p><p style=\"text-align: center;\"><span style=\"color: #000000;\">Clauzi Guerini, (A)ACRP)<\/span><\/p><p style=\"text-align: center;\"><span style=\"color: #000000;\">Joe Huser<\/span><\/p><p style=\"text-align: center;\"><span style=\"color: #000000;\">Bradley Noakes, (A)ACRP)<\/span><\/p><p style=\"text-align: center;\"><span style=\"color: #000000;\">Aline Rodrigues, (A)ACRP)<\/span><\/p>\t\t\t\t\t\t\t\t<\/div>\n\t\t\t\t<\/div>\n\t\t\t\t<div class=\"elementor-element elementor-element-460ec35 elementor-widget elementor-widget-text-editor\" data-id=\"460ec35\" data-element_type=\"widget\" data-e-type=\"widget\" data-widget_type=\"text-editor.default\">\n\t\t\t\t<div class=\"elementor-widget-container\">\n\t\t\t\t\t\t\t\t\t<p style=\"text-align: center;\"><strong style=\"color: var( --e-global-color-4854449 ); font-size: 1rem;\">Vancouver Coastal Health<\/strong><\/p><p style=\"text-align: center;\"><span style=\"color: #000000;\">Erin Dahlen<\/span><\/p><p style=\"text-align: center;\"><span style=\"color: #000000;\">Rhonda Hollerbaum, (A)ACRP<\/span><\/p><p style=\"text-align: center;\"><span style=\"color: #000000;\">Lauren Round, (A)ACRP<\/span><\/p>\t\t\t\t\t\t\t\t<\/div>\n\t\t\t\t<\/div>\n\t\t\t\t\t<\/div>\n\t\t\t\t<\/div>\n\t\t<div class=\"elementor-element elementor-element-e8d9515 e-grid e-con-full e-con e-parent\" data-id=\"e8d9515\" data-element_type=\"container\" data-e-type=\"container\" data-settings=\"{&quot;background_background&quot;:&quot;classic&quot;}\">\n\t\t\t\t<div class=\"elementor-element elementor-element-f4034dc elementor-widget__width-initial elementor-widget elementor-widget-text-editor\" data-id=\"f4034dc\" data-element_type=\"widget\" data-e-type=\"widget\" data-widget_type=\"text-editor.default\">\n\t\t\t\t<div class=\"elementor-widget-container\">\n\t\t\t\t\t\t\t\t\t<p style=\"text-align: center;\"><span style=\"color: #000000;\">Francis Arnaldo, (A)ACRP &#8211; <\/span><span style=\"color: #000000;\">Universit\u00e9 de technologie de l&rsquo;Ontario (Pr\u00e9sident, Comit\u00e9 national des congr\u00e8s)<\/span><\/p><p style=\"text-align: center;\"><span style=\"color: #000000;\">Bryce Gillman, (A)ACRP &#8211; Spectral Solutions<\/span><\/p><p style=\"text-align: center;\"><span style=\"color: #000000;\">Marjorie Gonzales &#8211; Interior Health<\/span><\/p><p style=\"text-align: center;\"><span style=\"color: #000000;\">Troy Hasanen &#8211; Universit\u00e9 de Victoria<\/span><\/p><p style=\"text-align: center;\"><span style=\"color: #000000;\">Andre Ho, (A)ACRP &#8211; Institut de technologie de la Colombie-Britannique<\/span><\/p><p style=\"text-align: center;\"><span style=\"color: #000000;\">St\u00e9phane Mercure &#8211; CIUSSS de l&rsquo;Estrie &#8211; CHUS (Pr\u00e9sident, COL 2028 &#8211; Qu\u00e9bec))<\/span><\/p><p style=\"text-align: center;\"><span style=\"color: #000000;\">Riley Smith &#8211; Alpha-9 Oncology<\/span><\/p>\t\t\t\t\t\t\t\t<\/div>\n\t\t\t\t<\/div>\n\t\t\t\t<\/div>\n\t\t\t\t<\/div>\n\t\t","protected":false},"excerpt":{"rendered":"<p>Comit\u00e9 organisateur local COL 2027 Copr\u00e9sident(e)s Joe Cortese, (A)ACRP &#8211; Institut de technologie de la Colombie-Britannique Roxana Ralea, (A)ACRP &#8211; TRIUMF BCCancer Sheila MacMahon Peter Petric Initio Nuclear Medicine Carrisa Basham Reza Razavi Universit\u00e9 Simon Fraser David Qu Jutta Rickers-Haunerlan TRIUMF Justin Dileo, (A)ACRP Clauzi Guerini, (A)ACRP) Joe Huser Bradley Noakes, (A)ACRP) Aline Rodrigues, (A)ACRP) [&hellip;]<\/p>\n","protected":false},"author":4,"featured_media":0,"parent":0,"menu_order":0,"comment_status":"closed","ping_status":"closed","template":"","meta":{"footnotes":""},"class_list":["post-5342","page","type-page","status-publish","hentry"],"_links":{"self":[{"href":"https:\/\/conference.crpa-acrp.ca\/fr\/wp-json\/wp\/v2\/pages\/5342","targetHints":{"allow":["GET"]}}],"collection":[{"href":"https:\/\/conference.crpa-acrp.ca\/fr\/wp-json\/wp\/v2\/pages"}],"about":[{"href":"https:\/\/conference.crpa-acrp.ca\/fr\/wp-json\/wp\/v2\/types\/page"}],"author":[{"embeddable":true,"href":"https:\/\/conference.crpa-acrp.ca\/fr\/wp-json\/wp\/v2\/users\/4"}],"replies":[{"embeddable":true,"href":"https:\/\/conference.crpa-acrp.ca\/fr\/wp-json\/wp\/v2\/comments?post=5342"}],"version-history":[{"count":87,"href":"https:\/\/conference.crpa-acrp.ca\/fr\/wp-json\/wp\/v2\/pages\/5342\/revisions"}],"predecessor-version":[{"id":11779,"href":"https:\/\/conference.crpa-acrp.ca\/fr\/wp-json\/wp\/v2\/pages\/5342\/revisions\/11779"}],"wp:attachment":[{"href":"https:\/\/conference.crpa-acrp.ca\/fr\/wp-json\/wp\/v2\/media?parent=5342"}],"curies":[{"name":"wp","href":"https:\/\/api.w.org\/{rel}","templated":true}]}}