{"id":5717,"date":"2024-08-19T23:36:17","date_gmt":"2024-08-20T03:36:17","guid":{"rendered":"https:\/\/conference.crpa-acrp.ca\/lieu\/"},"modified":"2025-03-28T01:54:07","modified_gmt":"2025-03-28T05:54:07","slug":"lieu","status":"publish","type":"page","link":"https:\/\/conference.crpa-acrp.ca\/fr\/lieu\/","title":{"rendered":"Lieu"},"content":{"rendered":"\t\t<div data-elementor-type=\"wp-page\" data-elementor-id=\"5717\" class=\"elementor elementor-5717 elementor-5129\" data-elementor-post-type=\"page\">\n\t\t\t\t<div class=\"elementor-element elementor-element-4326caa4 e-flex e-con-boxed e-con e-parent\" data-id=\"4326caa4\" data-element_type=\"container\" data-settings=\"{&quot;background_background&quot;:&quot;classic&quot;}\">\n\t\t\t\t\t<div class=\"e-con-inner\">\n\t\t\t\t<div class=\"elementor-element elementor-element-1abc8dc elementor-widget elementor-widget-text-editor\" data-id=\"1abc8dc\" data-element_type=\"widget\" data-widget_type=\"text-editor.default\">\n\t\t\t\t<div class=\"elementor-widget-container\">\n\t\t\t\t\t\t\t\t\t<p>Site du congr\u00e8s<\/p>\t\t\t\t\t\t\t\t<\/div>\n\t\t\t\t<\/div>\n\t\t\t\t\t<\/div>\n\t\t\t\t<\/div>\n\t\t<div class=\"elementor-element elementor-element-c9c9428 e-flex e-con-boxed e-con e-parent\" data-id=\"c9c9428\" data-element_type=\"container\" data-settings=\"{&quot;background_background&quot;:&quot;classic&quot;}\">\n\t\t\t\t\t<div class=\"e-con-inner\">\n\t\t<div class=\"elementor-element elementor-element-e23a7f7 e-con-full e-flex e-con e-child\" data-id=\"e23a7f7\" data-element_type=\"container\" data-settings=\"{&quot;background_background&quot;:&quot;classic&quot;}\">\n\t\t\t\t<div class=\"elementor-element elementor-element-c72ccd3 elementor-widget__width-initial elementor-widget elementor-widget-text-editor\" data-id=\"c72ccd3\" data-element_type=\"widget\" data-widget_type=\"text-editor.default\">\n\t\t\t\t<div class=\"elementor-widget-container\">\n\t\t\t\t\t\t\t\t\t<p><span style=\"text-decoration: underline;\"><span style=\"color: #0000ff; text-decoration: underline;\"><a style=\"color: #0000ff; text-decoration: underline;\" href=\"https:\/\/dbhsc.healthsci.mcmaster.ca\/\" target=\"_blank\" rel=\"noopener\">Le Centre des sciences de la sant\u00e9 David Braley<\/a><\/span><\/span> de l\u2019Universit\u00e9 McMaster est un b\u00e2timent de 192 000 pieds carr\u00e9s certifi\u00e9 LEED Gold, con\u00e7u par Norr Architects and Engineers et laur\u00e9at d&rsquo;un World Architecture Award (29e cycle).<\/p>\n<p>Le centre, situ\u00e9 dans le centre-ville de Hamilton et achev\u00e9 en 2015, abrite le d\u00e9partement de m\u00e9decine familiale de l&rsquo;\u00e9cole de m\u00e9decine de Michael G. DeGroote ainsi que les services de sant\u00e9 publique de la ville de Hamilton.<\/p>\n<p>Le b\u00e2timent a \u00e9t\u00e9 con\u00e7u pour refl\u00e9ter le paysage naturel de Hamilton et comprend des \u00e9l\u00e9ments physiques qui repr\u00e9sentent les nombreuses chutes d&rsquo;eau de la ville, notamment un escalier en cascade ainsi qu&rsquo;une s\u00e9rie de terrasses sur le toit qui donnent \u00e0 la fois sur l&rsquo;h\u00f4tel de ville et sur l&rsquo;escarpement au sud.<\/p>\n<p>En 2017, l\u2019\u00e9quipe d\u2019architecture et de construction du Centre a \u00e9t\u00e9 r\u00e9compens\u00e9e par un prix d\u2019architecture et de design urbain de la ville de Hamilton pour sa contribution exceptionnelle \u00e0 la ville de Hamilton. Le b\u00e2timent a \u00e9t\u00e9 reconnu pour ses amphith\u00e9\u00e2tres aux fen\u00eatres g\u00e9n\u00e9reuses, ses terrasses et l\u2019utilisation cr\u00e9ative de la pierre, du bois et des \u00e9l\u00e9ments de plantation dans l\u2019ensemble du b\u00e2timent.<\/p>\n<p><strong>Adresse :<\/strong> 100 rue Main, ouest, Hamilton, Ontario, Canada L8P 1H6<\/p>\n<p>L&rsquo;h\u00f4tel du congr\u00e8s, le <a href=\"https:\/\/conference.crpa-acrp.ca\/accommodations\/\"><span style=\"text-decoration: underline;\"><span style=\"color: #3366ff; text-decoration: underline;\">Sheraton Hamilton<\/span><\/span><\/a>, se trouve \u00e0 5 minutes \u00e0 pied du le Centre des sciences de la sant\u00e9 David Braley.<\/p>\t\t\t\t\t\t\t\t<\/div>\n\t\t\t\t<\/div>\n\t\t\t\t<\/div>\n\t\t\t\t<div class=\"elementor-element elementor-element-a24a75a elementor-widget__width-initial elementor-widget elementor-widget-image\" data-id=\"a24a75a\" data-element_type=\"widget\" data-widget_type=\"image.default\">\n\t\t\t\t<div class=\"elementor-widget-container\">\n\t\t\t\t\t\t\t\t\t\t\t\t\t\t\t<img fetchpriority=\"high\" decoding=\"async\" width=\"800\" height=\"473\" src=\"https:\/\/conference.crpa-acrp.ca\/wp-content\/uploads\/2024\/08\/David-Braley-Centre-Picture.jpg\" class=\"attachment-large size-large wp-image-5123\" alt=\"\" srcset=\"https:\/\/conference.crpa-acrp.ca\/wp-content\/uploads\/2024\/08\/David-Braley-Centre-Picture.jpg 883w, https:\/\/conference.crpa-acrp.ca\/wp-content\/uploads\/2024\/08\/David-Braley-Centre-Picture-300x177.jpg 300w, https:\/\/conference.crpa-acrp.ca\/wp-content\/uploads\/2024\/08\/David-Braley-Centre-Picture-768x454.jpg 768w\" sizes=\"(max-width: 800px) 100vw, 800px\" \/>\t\t\t\t\t\t\t\t\t\t\t\t\t\t\t<\/div>\n\t\t\t\t<\/div>\n\t\t\t\t\t<\/div>\n\t\t\t\t<\/div>\n\t\t<div class=\"elementor-element elementor-element-e94289b e-flex e-con-boxed e-con e-parent\" data-id=\"e94289b\" data-element_type=\"container\">\n\t\t\t\t\t<div class=\"e-con-inner\">\n\t\t\t\t<div class=\"elementor-element elementor-element-b780d98 elementor-widget elementor-widget-google_maps\" data-id=\"b780d98\" data-element_type=\"widget\" data-widget_type=\"google_maps.default\">\n\t\t\t\t<div class=\"elementor-widget-container\">\n\t\t\t\t\t\t\t<div class=\"elementor-custom-embed\">\n\t\t\t<iframe loading=\"lazy\"\n\t\t\t\t\tsrc=\"https:\/\/maps.google.com\/maps?q=Sheraton%20Hamilton%20Hotel%20to%20David%20Braley%20Health%20Sciences%20Centre%2C%20McMaster%20Universitymilton%20Hotel&#038;t=m&#038;z=15&#038;output=embed&#038;iwloc=near\"\n\t\t\t\t\ttitle=\"Sheraton Hamilton Hotel to David Braley Health Sciences Centre, McMaster Universitymilton Hotel\"\n\t\t\t\t\taria-label=\"Sheraton Hamilton Hotel to David Braley Health Sciences Centre, McMaster Universitymilton Hotel\"\n\t\t\t><\/iframe>\n\t\t<\/div>\n\t\t\t\t\t\t<\/div>\n\t\t\t\t<\/div>\n\t\t\t\t\t<\/div>\n\t\t\t\t<\/div>\n\t\t<div class=\"elementor-element elementor-element-7d4d0a7 e-flex e-con-boxed e-con e-parent\" data-id=\"7d4d0a7\" data-element_type=\"container\">\n\t\t\t\t\t<div class=\"e-con-inner\">\n\t\t\t\t\t<\/div>\n\t\t\t\t<\/div>\n\t\t\t\t<section class=\"elementor-section elementor-top-section elementor-element elementor-element-67d551a elementor-section-full_width elementor-section-content-space-evenly elementor-section-height-default elementor-section-height-default\" data-id=\"67d551a\" data-element_type=\"section\" data-settings=\"{&quot;background_background&quot;:&quot;classic&quot;}\">\n\t\t\t\t\t\t\t<div class=\"elementor-background-overlay\"><\/div>\n\t\t\t\t\t\t\t<div class=\"elementor-container elementor-column-gap-no\">\n\t\t\t\t\t<div class=\"elementor-column elementor-col-16 elementor-top-column elementor-element elementor-element-94a0839\" data-id=\"94a0839\" data-element_type=\"column\">\n\t\t\t<div class=\"elementor-widget-wrap elementor-element-populated\">\n\t\t\t\t\t\t<div class=\"elementor-element elementor-element-22501c5 elementor-widget elementor-widget-image\" data-id=\"22501c5\" data-element_type=\"widget\" data-widget_type=\"image.default\">\n\t\t\t\t<div class=\"elementor-widget-container\">\n\t\t\t\t\t\t\t\t\t\t\t\t\t\t\t<img decoding=\"async\" width=\"800\" height=\"489\" src=\"https:\/\/conference.crpa-acrp.ca\/wp-content\/uploads\/2024\/09\/McMaster-U_Health-Sciences_Bldg-Overview_Exterior_SideViewB_2898_Web.jpg\" class=\"attachment-large size-large wp-image-6535\" alt=\"\" srcset=\"https:\/\/conference.crpa-acrp.ca\/wp-content\/uploads\/2024\/09\/McMaster-U_Health-Sciences_Bldg-Overview_Exterior_SideViewB_2898_Web.jpg 900w, https:\/\/conference.crpa-acrp.ca\/wp-content\/uploads\/2024\/09\/McMaster-U_Health-Sciences_Bldg-Overview_Exterior_SideViewB_2898_Web-300x183.jpg 300w, https:\/\/conference.crpa-acrp.ca\/wp-content\/uploads\/2024\/09\/McMaster-U_Health-Sciences_Bldg-Overview_Exterior_SideViewB_2898_Web-768x469.jpg 768w\" sizes=\"(max-width: 800px) 100vw, 800px\" \/>\t\t\t\t\t\t\t\t\t\t\t\t\t\t\t<\/div>\n\t\t\t\t<\/div>\n\t\t\t\t\t<\/div>\n\t\t<\/div>\n\t\t\t\t<div class=\"elementor-column elementor-col-16 elementor-top-column elementor-element elementor-element-2038eb7\" data-id=\"2038eb7\" data-element_type=\"column\">\n\t\t\t<div class=\"elementor-widget-wrap elementor-element-populated\">\n\t\t\t\t\t\t<div class=\"elementor-element elementor-element-088e0df elementor-widget elementor-widget-image\" data-id=\"088e0df\" data-element_type=\"widget\" data-widget_type=\"image.default\">\n\t\t\t\t<div class=\"elementor-widget-container\">\n\t\t\t\t\t\t\t\t\t\t\t\t\t\t\t<img decoding=\"async\" width=\"300\" height=\"169\" src=\"https:\/\/conference.crpa-acrp.ca\/wp-content\/uploads\/2024\/09\/DBHSC-Bayview-patio-300x169-1.jpg\" class=\"attachment-large size-large wp-image-6511\" alt=\"\" \/>\t\t\t\t\t\t\t\t\t\t\t\t\t\t\t<\/div>\n\t\t\t\t<\/div>\n\t\t\t\t\t<\/div>\n\t\t<\/div>\n\t\t\t\t<div class=\"elementor-column elementor-col-16 elementor-top-column elementor-element elementor-element-97ee8ef\" data-id=\"97ee8ef\" data-element_type=\"column\">\n\t\t\t<div class=\"elementor-widget-wrap elementor-element-populated\">\n\t\t\t\t\t\t<div class=\"elementor-element elementor-element-9b75ffa elementor-widget elementor-widget-image\" data-id=\"9b75ffa\" data-element_type=\"widget\" data-widget_type=\"image.default\">\n\t\t\t\t<div class=\"elementor-widget-container\">\n\t\t\t\t\t\t\t\t\t\t\t\t\t\t\t<img loading=\"lazy\" decoding=\"async\" width=\"275\" height=\"183\" src=\"https:\/\/conference.crpa-acrp.ca\/wp-content\/uploads\/2024\/09\/download-1.jpg\" class=\"attachment-large size-large wp-image-6537\" alt=\"\" \/>\t\t\t\t\t\t\t\t\t\t\t\t\t\t\t<\/div>\n\t\t\t\t<\/div>\n\t\t\t\t\t<\/div>\n\t\t<\/div>\n\t\t\t\t<div class=\"elementor-column elementor-col-16 elementor-top-column elementor-element elementor-element-6a41693\" data-id=\"6a41693\" data-element_type=\"column\">\n\t\t\t<div class=\"elementor-widget-wrap elementor-element-populated\">\n\t\t\t\t\t\t<div class=\"elementor-element elementor-element-ca3955c elementor-widget elementor-widget-image\" data-id=\"ca3955c\" data-element_type=\"widget\" data-widget_type=\"image.default\">\n\t\t\t\t<div class=\"elementor-widget-container\">\n\t\t\t\t\t\t\t\t\t\t\t\t\t\t\t<img loading=\"lazy\" decoding=\"async\" width=\"300\" height=\"200\" src=\"https:\/\/conference.crpa-acrp.ca\/wp-content\/uploads\/2024\/09\/041-dbhsc-auditorium-2023-1-300x200-1.jpg\" class=\"attachment-large size-large wp-image-6529\" alt=\"\" \/>\t\t\t\t\t\t\t\t\t\t\t\t\t\t\t<\/div>\n\t\t\t\t<\/div>\n\t\t\t\t\t<\/div>\n\t\t<\/div>\n\t\t\t\t<div class=\"elementor-column elementor-col-16 elementor-top-column elementor-element elementor-element-6b4de44\" data-id=\"6b4de44\" data-element_type=\"column\">\n\t\t\t<div class=\"elementor-widget-wrap elementor-element-populated\">\n\t\t\t\t\t\t<div class=\"elementor-element elementor-element-34ba334 elementor-widget__width-initial elementor-widget elementor-widget-image\" data-id=\"34ba334\" data-element_type=\"widget\" data-widget_type=\"image.default\">\n\t\t\t\t<div class=\"elementor-widget-container\">\n\t\t\t\t\t\t\t\t\t\t\t\t\t\t\t<img loading=\"lazy\" decoding=\"async\" width=\"300\" height=\"204\" src=\"https:\/\/conference.crpa-acrp.ca\/wp-content\/uploads\/2024\/09\/Bleachers-out-300x204-1.png\" class=\"attachment-large size-large wp-image-6539\" alt=\"\" \/>\t\t\t\t\t\t\t\t\t\t\t\t\t\t\t<\/div>\n\t\t\t\t<\/div>\n\t\t\t\t\t<\/div>\n\t\t<\/div>\n\t\t\t\t<div class=\"elementor-column elementor-col-16 elementor-top-column elementor-element elementor-element-038932e\" data-id=\"038932e\" data-element_type=\"column\">\n\t\t\t<div class=\"elementor-widget-wrap elementor-element-populated\">\n\t\t\t\t\t\t<div class=\"elementor-element elementor-element-2b56602 elementor-widget__width-initial elementor-widget elementor-widget-image\" data-id=\"2b56602\" data-element_type=\"widget\" data-widget_type=\"image.default\">\n\t\t\t\t<div class=\"elementor-widget-container\">\n\t\t\t\t\t\t\t\t\t\t\t\t\t\t\t<img loading=\"lazy\" decoding=\"async\" width=\"225\" height=\"225\" src=\"https:\/\/conference.crpa-acrp.ca\/wp-content\/uploads\/2024\/09\/download-1-1.jpg\" class=\"attachment-large size-large wp-image-6557\" alt=\"\" srcset=\"https:\/\/conference.crpa-acrp.ca\/wp-content\/uploads\/2024\/09\/download-1-1.jpg 225w, https:\/\/conference.crpa-acrp.ca\/wp-content\/uploads\/2024\/09\/download-1-1-150x150.jpg 150w\" sizes=\"(max-width: 225px) 100vw, 225px\" \/>\t\t\t\t\t\t\t\t\t\t\t\t\t\t\t<\/div>\n\t\t\t\t<\/div>\n\t\t\t\t\t<\/div>\n\t\t<\/div>\n\t\t\t\t\t<\/div>\n\t\t<\/section>\n\t\t\t\t<\/div>\n\t\t","protected":false},"excerpt":{"rendered":"<p>Site du congr\u00e8s Le Centre des sciences de la sant\u00e9 David Braley de l\u2019Universit\u00e9 McMaster est un b\u00e2timent de 192 000 pieds carr\u00e9s certifi\u00e9 LEED Gold, con\u00e7u par Norr Architects and Engineers et laur\u00e9at d&rsquo;un World Architecture Award (29e cycle). Le centre, situ\u00e9 dans le centre-ville de Hamilton et achev\u00e9 en 2015, abrite le d\u00e9partement [&hellip;]<\/p>\n","protected":false},"author":4,"featured_media":5123,"parent":0,"menu_order":0,"comment_status":"closed","ping_status":"closed","template":"","meta":{"footnotes":""},"class_list":["post-5717","page","type-page","status-publish","has-post-thumbnail","hentry"],"_links":{"self":[{"href":"https:\/\/conference.crpa-acrp.ca\/fr\/wp-json\/wp\/v2\/pages\/5717","targetHints":{"allow":["GET"]}}],"collection":[{"href":"https:\/\/conference.crpa-acrp.ca\/fr\/wp-json\/wp\/v2\/pages"}],"about":[{"href":"https:\/\/conference.crpa-acrp.ca\/fr\/wp-json\/wp\/v2\/types\/page"}],"author":[{"embeddable":true,"href":"https:\/\/conference.crpa-acrp.ca\/fr\/wp-json\/wp\/v2\/users\/4"}],"replies":[{"embeddable":true,"href":"https:\/\/conference.crpa-acrp.ca\/fr\/wp-json\/wp\/v2\/comments?post=5717"}],"version-history":[{"count":11,"href":"https:\/\/conference.crpa-acrp.ca\/fr\/wp-json\/wp\/v2\/pages\/5717\/revisions"}],"predecessor-version":[{"id":9918,"href":"https:\/\/conference.crpa-acrp.ca\/fr\/wp-json\/wp\/v2\/pages\/5717\/revisions\/9918"}],"wp:featuredmedia":[{"embeddable":true,"href":"https:\/\/conference.crpa-acrp.ca\/fr\/wp-json\/wp\/v2\/media\/5123"}],"wp:attachment":[{"href":"https:\/\/conference.crpa-acrp.ca\/fr\/wp-json\/wp\/v2\/media?parent=5717"}],"curies":[{"name":"wp","href":"https:\/\/api.w.org\/{rel}","templated":true}]}}