{"id":5935,"date":"2024-09-16T19:57:26","date_gmt":"2024-09-16T23:57:26","guid":{"rendered":"https:\/\/conference.crpa-acrp.ca\/?page_id=5935"},"modified":"2025-03-28T02:39:16","modified_gmt":"2025-03-28T06:39:16","slug":"faits-saillants-du-congres","status":"publish","type":"page","link":"https:\/\/conference.crpa-acrp.ca\/fr\/faits-saillants-du-congres\/","title":{"rendered":"Faits saillants du congr\u00e8s"},"content":{"rendered":"\t\t<div data-elementor-type=\"wp-page\" data-elementor-id=\"5935\" class=\"elementor elementor-5935 elementor-5879\" data-elementor-post-type=\"page\">\n\t\t\t\t\t\t<section class=\"elementor-section elementor-top-section elementor-element elementor-element-6d4ac78 elementor-section-full_width elementor-section-height-min-height elementor-section-content-top elementor-section-stretched elementor-section-height-default elementor-section-items-middle\" data-id=\"6d4ac78\" data-element_type=\"section\" data-e-type=\"section\" data-settings=\"{&quot;stretch_section&quot;:&quot;section-stretched&quot;,&quot;background_background&quot;:&quot;classic&quot;}\">\n\t\t\t\t\t\t\t<div class=\"elementor-background-overlay\"><\/div>\n\t\t\t\t\t\t\t<div class=\"elementor-container elementor-column-gap-narrow\">\n\t\t\t\t\t<div class=\"elementor-column elementor-col-100 elementor-top-column elementor-element elementor-element-bce3dc9\" data-id=\"bce3dc9\" data-element_type=\"column\" data-e-type=\"column\" data-settings=\"{&quot;background_background&quot;:&quot;classic&quot;}\">\n\t\t\t<div class=\"elementor-widget-wrap elementor-element-populated\">\n\t\t\t\t\t\t<div class=\"elementor-element elementor-element-e1f1656 elementor-widget elementor-widget-text-editor\" data-id=\"e1f1656\" data-element_type=\"widget\" data-e-type=\"widget\" data-widget_type=\"text-editor.default\">\n\t\t\t\t<div class=\"elementor-widget-container\">\n\t\t\t\t\t\t\t\t\t<p>Faits saillants du congr\u00e8s<\/p>\t\t\t\t\t\t\t\t<\/div>\n\t\t\t\t<\/div>\n\t\t\t\t\t<\/div>\n\t\t<\/div>\n\t\t\t\t\t<\/div>\n\t\t<\/section>\n\t\t\t\t<section class=\"elementor-section elementor-top-section elementor-element elementor-element-677e523 elementor-section-boxed elementor-section-height-default elementor-section-height-default\" data-id=\"677e523\" data-element_type=\"section\" data-e-type=\"section\">\n\t\t\t\t\t\t<div class=\"elementor-container elementor-column-gap-wide\">\n\t\t\t\t\t<div class=\"elementor-column elementor-col-100 elementor-top-column elementor-element elementor-element-334bbc2\" data-id=\"334bbc2\" data-element_type=\"column\" data-e-type=\"column\" data-settings=\"{&quot;background_background&quot;:&quot;classic&quot;}\">\n\t\t\t<div class=\"elementor-widget-wrap elementor-element-populated\">\n\t\t\t\t\t\t<div class=\"elementor-element elementor-element-fe60099 elementor-widget elementor-widget-text-editor\" data-id=\"fe60099\" data-element_type=\"widget\" data-e-type=\"widget\" data-widget_type=\"text-editor.default\">\n\t\t\t\t<div class=\"elementor-widget-container\">\n\t\t\t\t\t\t\t\t\t<p>Rejoignez-nous \u00e0 <strong>Hamilton, en Ontario<\/strong>, du <strong>26 au 30 mai 2025<\/strong>, pour le <strong>44e congr\u00e8s annuelle de l&rsquo;ACRP<\/strong>\u00a0et participez \u00e0 <strong><em>Forger l&rsquo;avenir<\/em><\/strong> de la radioprotection. Notre congr\u00e8s sera l&rsquo;occasion d&rsquo;aborder l&rsquo;ensemble des sujets avec un grand nombre d&rsquo;orateurs issus de notre communaut\u00e9. Le soleil se l\u00e8ve sur le nucl\u00e9aire et nous mettrons l&rsquo;accent sur les technologies \u00e9mergentes et l&rsquo;\u00e9volution des pratiques, ainsi que sur les \u00e9tudiant(e)s et les jeunes professionnel(le)s qui prendront la t\u00eate de l&rsquo;expansion du nucl\u00e9aire dans l&rsquo;industrie, les soins de sant\u00e9 et la recherche. Un accent particulier est mis sur les technologies \u00e9mergentes et les pratiques en \u00e9volution, ainsi que sur les \u00e9tudiant\u00b7e\u00b7s et les jeunes professionnel\u00b7le\u00b7s qui prendront la t\u00eate du d\u00e9veloppement du nucl\u00e9aire dans l&rsquo;industrie, les domaines de la sant\u00e9 et de la recherche.<\/p>\t\t\t\t\t\t\t\t<\/div>\n\t\t\t\t<\/div>\n\t\t\t\t<div class=\"elementor-element elementor-element-c8e0fb3 elementor-widget elementor-widget-text-editor\" data-id=\"c8e0fb3\" data-element_type=\"widget\" data-e-type=\"widget\" data-widget_type=\"text-editor.default\">\n\t\t\t\t<div class=\"elementor-widget-container\">\n\t\t\t\t\t\t\t\t\t<p>Voici ce qui vous attend a l&rsquo;ACRP 2025 :<\/p>\t\t\t\t\t\t\t\t<\/div>\n\t\t\t\t<\/div>\n\t\t\t\t<div class=\"elementor-element elementor-element-1dcfcbc elementor-widget elementor-widget-text-editor\" data-id=\"1dcfcbc\" data-element_type=\"widget\" data-e-type=\"widget\" data-widget_type=\"text-editor.default\">\n\t\t\t\t<div class=\"elementor-widget-container\">\n\t\t\t\t\t\t\t\t\t<ul><li>Conf\u00e9renciers principaux et invit\u00e9s<\/li><li>Pr\u00e9sentations scientifiques sur une grande vari\u00e9t\u00e9 de sujets &#8211; de l&rsquo;industrie aux soins de sant\u00e9, ionisants et non ionisants et tout ce qui se trouve entre les deux.<\/li><li>Visites scientifiques<ul><li>Incluant des visites du r\u00e9acteur nucl\u00e9aire de McMaster<\/li><\/ul><\/li><li>S\u00e9ances de d\u00e9veloppement professionnel<\/li><li>Salon d&rsquo;exposants\u00a0<\/li><li>Concours de communications\u00a0 d&rsquo;\u00e9tudiants Anthony J. MacKay<\/li><li>R\u00e9ception de bienvenue<\/li><li>R\u00e9ception des exposants<\/li><li>Assembl\u00e9e g\u00e9n\u00e9rale annuelle de l&rsquo;ACRP<\/li><li>Banquet annuel et c\u00e9r\u00e9monie de remise des prix de l&rsquo;ACRP au <span style=\"text-decoration: underline;\"><span style=\"color: #0000ff; text-decoration: underline;\"><a style=\"color: #0000ff; text-decoration: underline;\" href=\"https:\/\/www.warplane.com\/\" target=\"_blank\" rel=\"noopener\">Mus\u00e9e canadien de l&rsquo;aviation de guerre<\/a><\/span><\/span><ul><li>Avec une performance de <span style=\"text-decoration: underline;\"><span style=\"color: #0000ff; text-decoration: underline;\"><a style=\"color: #0000ff; text-decoration: underline;\" href=\"https:\/\/www.xraymagic.com\/\" target=\"_blank\" rel=\"noopener\">X-Ray Magic!<\/a><\/span><\/span><\/li><\/ul><\/li><li>La suite d&rsquo;accueil<\/li><\/ul><p style=\"padding-left: 120px;\">&#8230;. et bien plus encore<\/p>\t\t\t\t\t\t\t\t<\/div>\n\t\t\t\t<\/div>\n\t\t\t\t<div class=\"elementor-element elementor-element-a0e0397 elementor-widget elementor-widget-text-editor\" data-id=\"a0e0397\" data-element_type=\"widget\" data-e-type=\"widget\" data-widget_type=\"text-editor.default\">\n\t\t\t\t<div class=\"elementor-widget-container\">\n\t\t\t\t\t\t\t\t\t<h3 style=\"text-align: center;\"><strong>Nous vous invitons \u00e0 nous rejoindre \u00e0 Hamilton pour l&rsquo;ACRP 2025 !<\/strong><\/h3><h4 style=\"text-align: center;\"><span style=\"color: #ff0000;\"><strong>Revenez \u00e0 cette page fr\u00e9quemment\u2026 les informations seront mises \u00e0 jour r\u00e9guli\u00e8rement.<\/strong><\/span><\/h4>\t\t\t\t\t\t\t\t<\/div>\n\t\t\t\t<\/div>\n\t\t\t\t<div class=\"elementor-element elementor-element-8edce35 elementor-widget elementor-widget-text-editor\" data-id=\"8edce35\" data-element_type=\"widget\" data-e-type=\"widget\" data-widget_type=\"text-editor.default\">\n\t\t\t\t<div class=\"elementor-widget-container\">\n\t\t\t\t\t\t\t\t\t<p><img fetchpriority=\"high\" decoding=\"async\" class=\"alignnone size-medium wp-image-5927 aligncenter\" src=\"https:\/\/conference.crpa-acrp.ca\/wp-content\/uploads\/2024\/09\/CRPA-2025-Edmonton-Ad-FINAL-reduced-image-300x188.jpg\" alt=\"\" width=\"300\" height=\"188\" srcset=\"https:\/\/conference.crpa-acrp.ca\/wp-content\/uploads\/2024\/09\/CRPA-2025-Edmonton-Ad-FINAL-reduced-image-300x188.jpg 300w, https:\/\/conference.crpa-acrp.ca\/wp-content\/uploads\/2024\/09\/CRPA-2025-Edmonton-Ad-FINAL-reduced-image-1024x640.jpg 1024w, https:\/\/conference.crpa-acrp.ca\/wp-content\/uploads\/2024\/09\/CRPA-2025-Edmonton-Ad-FINAL-reduced-image-768x480.jpg 768w, https:\/\/conference.crpa-acrp.ca\/wp-content\/uploads\/2024\/09\/CRPA-2025-Edmonton-Ad-FINAL-reduced-image-1536x960.jpg 1536w, https:\/\/conference.crpa-acrp.ca\/wp-content\/uploads\/2024\/09\/CRPA-2025-Edmonton-Ad-FINAL-reduced-image.jpg 1700w\" sizes=\"(max-width: 300px) 100vw, 300px\" \/><\/p>\t\t\t\t\t\t\t\t<\/div>\n\t\t\t\t<\/div>\n\t\t\t\t\t<\/div>\n\t\t<\/div>\n\t\t\t\t\t<\/div>\n\t\t<\/section>\n\t\t\t\t<\/div>\n\t\t","protected":false},"excerpt":{"rendered":"<p>Faits saillants du congr\u00e8s Rejoignez-nous \u00e0 Hamilton, en Ontario, du 26 au 30 mai 2025, pour le 44e congr\u00e8s annuelle de l&rsquo;ACRP\u00a0et participez \u00e0 Forger l&rsquo;avenir de la radioprotection. Notre congr\u00e8s sera l&rsquo;occasion d&rsquo;aborder l&rsquo;ensemble des sujets avec un grand nombre d&rsquo;orateurs issus de notre communaut\u00e9. Le soleil se l\u00e8ve sur le nucl\u00e9aire et nous [&hellip;]<\/p>\n","protected":false},"author":4,"featured_media":0,"parent":0,"menu_order":0,"comment_status":"closed","ping_status":"closed","template":"","meta":{"footnotes":""},"class_list":["post-5935","page","type-page","status-publish","hentry"],"_links":{"self":[{"href":"https:\/\/conference.crpa-acrp.ca\/fr\/wp-json\/wp\/v2\/pages\/5935","targetHints":{"allow":["GET"]}}],"collection":[{"href":"https:\/\/conference.crpa-acrp.ca\/fr\/wp-json\/wp\/v2\/pages"}],"about":[{"href":"https:\/\/conference.crpa-acrp.ca\/fr\/wp-json\/wp\/v2\/types\/page"}],"author":[{"embeddable":true,"href":"https:\/\/conference.crpa-acrp.ca\/fr\/wp-json\/wp\/v2\/users\/4"}],"replies":[{"embeddable":true,"href":"https:\/\/conference.crpa-acrp.ca\/fr\/wp-json\/wp\/v2\/comments?post=5935"}],"version-history":[{"count":28,"href":"https:\/\/conference.crpa-acrp.ca\/fr\/wp-json\/wp\/v2\/pages\/5935\/revisions"}],"predecessor-version":[{"id":9932,"href":"https:\/\/conference.crpa-acrp.ca\/fr\/wp-json\/wp\/v2\/pages\/5935\/revisions\/9932"}],"wp:attachment":[{"href":"https:\/\/conference.crpa-acrp.ca\/fr\/wp-json\/wp\/v2\/media?parent=5935"}],"curies":[{"name":"wp","href":"https:\/\/api.w.org\/{rel}","templated":true}]}}