{"id":5939,"date":"2024-09-16T13:33:38","date_gmt":"2024-09-16T17:33:38","guid":{"rendered":"https:\/\/conference.crpa-acrp.ca\/?page_id=5939"},"modified":"2024-12-23T09:08:50","modified_gmt":"2024-12-23T14:08:50","slug":"lettres-dinvitation","status":"publish","type":"page","link":"https:\/\/conference.crpa-acrp.ca\/fr\/lettres-dinvitation\/","title":{"rendered":"Lettres d&rsquo;invitation"},"content":{"rendered":"\t\t<div data-elementor-type=\"wp-page\" data-elementor-id=\"5939\" class=\"elementor elementor-5939 elementor-5619\" data-elementor-post-type=\"page\">\n\t\t\t\t\t\t<section class=\"elementor-section elementor-top-section elementor-element elementor-element-674c71e9 elementor-section-full_width elementor-section-height-min-height elementor-section-stretched elementor-section-content-top elementor-section-height-default elementor-section-items-middle\" data-id=\"674c71e9\" data-element_type=\"section\" data-e-type=\"section\" data-settings=\"{&quot;stretch_section&quot;:&quot;section-stretched&quot;,&quot;background_background&quot;:&quot;classic&quot;}\">\n\t\t\t\t\t\t\t<div class=\"elementor-background-overlay\"><\/div>\n\t\t\t\t\t\t\t<div class=\"elementor-container elementor-column-gap-narrow\">\n\t\t\t\t\t<div class=\"elementor-column elementor-col-100 elementor-top-column elementor-element elementor-element-b6ab71d\" data-id=\"b6ab71d\" data-element_type=\"column\" data-e-type=\"column\">\n\t\t\t<div class=\"elementor-widget-wrap elementor-element-populated\">\n\t\t\t\t\t\t<section class=\"elementor-section elementor-inner-section elementor-element elementor-element-69a9d83 elementor-section-full_width elementor-section-height-default elementor-section-height-default\" data-id=\"69a9d83\" data-element_type=\"section\" data-e-type=\"section\">\n\t\t\t\t\t\t<div class=\"elementor-container elementor-column-gap-default\">\n\t\t\t\t\t<div class=\"elementor-column elementor-col-100 elementor-inner-column elementor-element elementor-element-6d211f6\" data-id=\"6d211f6\" data-element_type=\"column\" data-e-type=\"column\">\n\t\t\t<div class=\"elementor-widget-wrap elementor-element-populated\">\n\t\t\t\t\t\t<div class=\"elementor-element elementor-element-0c8309c elementor-widget elementor-widget-text-editor\" data-id=\"0c8309c\" data-element_type=\"widget\" data-e-type=\"widget\" data-widget_type=\"text-editor.default\">\n\t\t\t\t<div class=\"elementor-widget-container\">\n\t\t\t\t\t\t\t\t\t<p><strong>Lettres d\u2019invitation <\/strong><\/p>\t\t\t\t\t\t\t\t<\/div>\n\t\t\t\t<\/div>\n\t\t\t\t\t<\/div>\n\t\t<\/div>\n\t\t\t\t\t<\/div>\n\t\t<\/section>\n\t\t\t\t\t<\/div>\n\t\t<\/div>\n\t\t\t\t\t<\/div>\n\t\t<\/section>\n\t\t\t\t<section class=\"elementor-section elementor-top-section elementor-element elementor-element-1dd4232 elementor-section-boxed elementor-section-height-default elementor-section-height-default\" data-id=\"1dd4232\" data-element_type=\"section\" data-e-type=\"section\">\n\t\t\t\t\t\t<div class=\"elementor-container elementor-column-gap-default\">\n\t\t\t\t\t<div class=\"elementor-column elementor-col-100 elementor-top-column elementor-element elementor-element-8a867cd\" data-id=\"8a867cd\" data-element_type=\"column\" data-e-type=\"column\">\n\t\t\t<div class=\"elementor-widget-wrap elementor-element-populated\">\n\t\t\t\t\t\t<div class=\"elementor-element elementor-element-7f63711 elementor-widget elementor-widget-text-editor\" data-id=\"7f63711\" data-element_type=\"widget\" data-e-type=\"widget\" data-widget_type=\"text-editor.default\">\n\t\t\t\t<div class=\"elementor-widget-container\">\n\t\t\t\t\t\t\t\t\t<p><strong>Lettres d\u2019invitation \u2013 Demande de visa pour voyager au Canada<\/strong><\/p>\t\t\t\t\t\t\t\t<\/div>\n\t\t\t\t<\/div>\n\t\t\t\t<div class=\"elementor-element elementor-element-ac49936 elementor-widget elementor-widget-text-editor\" data-id=\"ac49936\" data-element_type=\"widget\" data-e-type=\"widget\" data-widget_type=\"text-editor.default\">\n\t\t\t\t<div class=\"elementor-widget-container\">\n\t\t\t\t\t\t\t\t\t<p>Veuillez lire les informations ci-dessous concernant la demande d\u2019une lettre d\u2019invitation dans le but de demander un visa pour voyager au Canada pour participer au congr\u00e8s annuel de l\u2019Association canadienne de radioprotection (ACRP).<\/p>\t\t\t\t\t\t\t\t<\/div>\n\t\t\t\t<\/div>\n\t\t\t\t<div class=\"elementor-element elementor-element-0708ef5 elementor-widget elementor-widget-text-editor\" data-id=\"0708ef5\" data-element_type=\"widget\" data-e-type=\"widget\" data-widget_type=\"text-editor.default\">\n\t\t\t\t<div class=\"elementor-widget-container\">\n\t\t\t\t\t\t\t\t\t<ol><li><strong>L\u2019ACRP n\u2019\u00e9met pas de lettre d\u2019invitation pour des groupes \u2013 les lettres sont \u00e9mises pour des individus seulement<\/strong><strong>.<\/strong><\/li><\/ol><p><strong>\u00a0<\/strong><\/p><ol start=\"2\"><li><p>Toute personne demandant une lettre d\u2019invitation doit \u00eatre inscrit(e) comme d\u00e9l\u00e9gu\u00e9(e) \u00e0\u00a0<span style=\"color: #ff0000;\"><strong>TOUT\u00a0LE CONGR\u00c8S<\/strong><\/span> et <span style=\"color: #ff0000;\"><strong>le paiement doit \u00eatre effectu\u00e9<\/strong> <strong>EN TOTALIT\u00c9<\/strong><\/span>.\u00a0<span style=\"background-color: transparent;\">Les informations d\u2019inscription se trouvent sur <\/span><span style=\"background-color: transparent; color: #0000ff;\"><a style=\"color: #0000ff;\" href=\"https:\/\/conference.crpa-acrp.ca\/fr\/inscription\/\">la page d&rsquo;inscription<\/a><\/span><span style=\"background-color: transparent;\">.\u00a0<\/span><\/p><\/li><\/ol><div>\u00a0<\/div><ol start=\"3\"><li>D\u00e9pendant de la nationalit\u00e9 des personnes souhaitant participer au congr\u00e8s, celles-ci devront r\u00e9pondre \u00e0 certaines exigences d\u2019admission pour visiter le Canada. Des informations d\u00e9taill\u00e9es sur les voyages au Canada, y compris les informations sur les visas, se trouvent sur le <span style=\"color: #0000ff;\"><a style=\"color: #0000ff;\" href=\"https:\/\/www.canada.ca\/fr\/immigration-refugies-citoyennete\/services\/visiter-canada\/au-sujet-visa-visiteur.html\">site Web<\/a> d\u2019Immigration, R\u00e9fugi\u00e9s et Citoyennet\u00e9 Canada<\/span> (IRCC).<\/li><\/ol><div>\u00a0<\/div><ol start=\"4\"><li>Les empreintes digitales et une photo peuvent \u00eatre exig\u00e9es pour une demande de visa. Pour plus d\u2019informations sur la n\u00e9cessit\u00e9 ou non de fournir des donn\u00e9es biom\u00e9triques, veuillez vous r\u00e9f\u00e9rer \u00e0 la page <span style=\"color: #0000ff;\"><a style=\"color: #0000ff;\" href=\"https:\/\/www.canada.ca\/fr\/immigration-refugies-citoyennete\/services\/biometrie.html\">Donn\u00e9es biom\u00e9triques<\/a><\/span>.<\/li><\/ol><div>\u00a0<\/div><ol start=\"5\"><li>Le traitement d\u2019une demande de visa par les ambassades\/consulats canadiens peut prendre plusieurs mois. Les demandeur\u00b7euse\u00b7s doivent se renseigner aupr\u00e8s de leurs autorit\u00e9s respectives afin de d\u00e9terminer les imp\u00e9ratifs exacts du traitement. Pour plus d\u2019informations concernant les exigences du gouvernement canadien pour les visiteur\u00b7se\u00b7s et les coordonn\u00e9es des bureaux de visas, visitez le site <span style=\"color: #0000ff;\"><a style=\"color: #0000ff;\" href=\"http:\/\/www.cic.gc.ca\/\">www.cic.gc.ca<\/a><\/span>. Pour une estimation du d\u00e9lai de traitement d\u2019une demande de visa, bas\u00e9e sur la dur\u00e9e de traitement de 80\u00a0% des demandes dans le pass\u00e9, r\u00e9f\u00e9rez vous \u00e0 la page <span style=\"color: #0000ff;\"><a style=\"color: #0000ff;\" href=\"https:\/\/www.canada.ca\/fr\/immigration-refugies-citoyennete\/services\/demande\/verifier-delais-traitement.html\">d\u00e9lais de traitement des visas<\/a><\/span>.<\/li><\/ol><ol start=\"6\"><li>L\u2019ACRP ne couvre pas les d\u00e9penses li\u00e9es \u00e0 la participation au congr\u00e8s. Les frais d\u2019inscription au congr\u00e8s, de voyage, d\u2019h\u00e9bergement, de transport et de repas non inclus dans les frais d\u2019inscription sont \u00e0 la charge du d\u00e9l\u00e9gu\u00e9.<\/li><\/ol><div>\u00a0<\/div><ol start=\"7\"><li>L\u2019ACRP n\u2019accepte aucune responsabilit\u00e9 pour les demandes de visa et n\u2019influencera pas le traitement des visas. <strong>Notez que l\u2019ACRP n\u2019a pas de code d\u2019\u00e9v\u00e9nement sp\u00e9cial pour ses congr\u00e8s (\u00e9mis par IRCC).<\/strong><\/li><\/ol><div>\u00a0<\/div><ol start=\"8\"><li>Si une personne choisit de ne pas faire de demande de visa ou si la demande de visa n\u2019est pas approuv\u00e9e, les frais d\u2019inscription au congr\u00e8s seront rembours\u00e9s sur demande, conform\u00e9ment \u00e0 <a href=\"https:\/\/conference.crpa-acrp.ca\/fr\/inscription\/#politique-annulation\"><span style=\"color: #0000ff;\">la Politique de remboursement et d\u2019annulation<\/span><\/a>.<\/li><\/ol><div>\u00a0<\/div><ol start=\"9\"><li>Les informations suivantes pour <strong>chaque personne<\/strong> devront \u00eatre incluses dans la demande de lettre d\u2019invitation. Une lettre sera \u00e9mise pour chaque personne s\u00e9par\u00e9ment.<\/li><\/ol><div>\u00a0<\/div><ul><li style=\"list-style-type: none;\"><ul><li style=\"list-style-type: none;\"><ul><li>Nom complet<\/li><li>Titre<\/li><li>Nom de la compagnie<\/li><li>Adresse de r\u00e9sidence compl\u00e8te, incluant le pays<\/li><li>Adresse courriel<\/li><li>Num\u00e9ro de t\u00e9l\u00e9phone<\/li><\/ul><\/li><\/ul><\/li><\/ul><div>\u00a0<\/div><p style=\"text-align: center;\"><strong>Toute demande doit \u00eatre achemin\u00e9e \u00e0 <span style=\"color: #0000ff;\"><a style=\"color: #0000ff;\" href=\"mailto:secretariat@crpa-acrp.ca\">secretariat@crpa-acrp.ca<\/a><\/span><\/strong><\/p>\t\t\t\t\t\t\t\t<\/div>\n\t\t\t\t<\/div>\n\t\t\t\t\t<\/div>\n\t\t<\/div>\n\t\t\t\t\t<\/div>\n\t\t<\/section>\n\t\t<div class=\"elementor-element elementor-element-4f0b426 e-grid e-con-boxed e-con e-parent\" data-id=\"4f0b426\" data-element_type=\"container\" data-e-type=\"container\">\n\t\t\t\t\t<div class=\"e-con-inner\">\n\t\t\t\t<div class=\"elementor-element elementor-element-0e84b94 elementor-align-center elementor-widget elementor-widget-button\" data-id=\"0e84b94\" data-element_type=\"widget\" data-e-type=\"widget\" data-widget_type=\"button.default\">\n\t\t\t\t<div class=\"elementor-widget-container\">\n\t\t\t\t\t\t\t\t\t<div class=\"elementor-button-wrapper\">\n\t\t\t\t\t<a class=\"elementor-button elementor-button-link elementor-size-sm\" href=\"https:\/\/conference.crpa-acrp.ca\/wp-content\/uploads\/2024\/12\/Letters-of-Invitation-\u2013-Visa-Application-for-Travel-to-Canada-ENG-FR.pdf\" target=\"_blank\">\n\t\t\t\t\t\t<span class=\"elementor-button-content-wrapper\">\n\t\t\t\t\t\t<span class=\"elementor-button-icon\">\n\t\t\t\t<svg aria-hidden=\"true\" class=\"e-font-icon-svg e-far-arrow-alt-circle-down\" viewBox=\"0 0 512 512\" xmlns=\"http:\/\/www.w3.org\/2000\/svg\"><path d=\"M256 8C119 8 8 119 8 256s111 248 248 248 248-111 248-248S393 8 256 8zm0 448c-110.5 0-200-89.5-200-200S145.5 56 256 56s200 89.5 200 200-89.5 200-200 200zm-32-316v116h-67c-10.7 0-16 12.9-8.5 20.5l99 99c4.7 4.7 12.3 4.7 17 0l99-99c7.6-7.6 2.2-20.5-8.5-20.5h-67V140c0-6.6-5.4-12-12-12h-40c-6.6 0-12 5.4-12 12z\"><\/path><\/svg>\t\t\t<\/span>\n\t\t\t\t\t\t\t\t\t<span class=\"elementor-button-text\">T\u00e9l\u00e9chargez les informations sur les lettres d'invitation<\/span>\n\t\t\t\t\t<\/span>\n\t\t\t\t\t<\/a>\n\t\t\t\t<\/div>\n\t\t\t\t\t\t\t\t<\/div>\n\t\t\t\t<\/div>\n\t\t\t\t\t<\/div>\n\t\t\t\t<\/div>\n\t\t\t\t<\/div>\n\t\t","protected":false},"excerpt":{"rendered":"<p>Lettres d\u2019invitation Lettres d\u2019invitation \u2013 Demande de visa pour voyager au Canada Veuillez lire les informations ci-dessous concernant la demande d\u2019une lettre d\u2019invitation dans le but de demander un visa pour voyager au Canada pour participer au congr\u00e8s annuel de l\u2019Association canadienne de radioprotection (ACRP). L\u2019ACRP n\u2019\u00e9met pas de lettre d\u2019invitation pour des groupes \u2013 [&hellip;]<\/p>\n","protected":false},"author":4,"featured_media":0,"parent":0,"menu_order":0,"comment_status":"closed","ping_status":"closed","template":"elementor_header_footer","meta":{"footnotes":""},"class_list":["post-5939","page","type-page","status-publish","hentry"],"_links":{"self":[{"href":"https:\/\/conference.crpa-acrp.ca\/fr\/wp-json\/wp\/v2\/pages\/5939","targetHints":{"allow":["GET"]}}],"collection":[{"href":"https:\/\/conference.crpa-acrp.ca\/fr\/wp-json\/wp\/v2\/pages"}],"about":[{"href":"https:\/\/conference.crpa-acrp.ca\/fr\/wp-json\/wp\/v2\/types\/page"}],"author":[{"embeddable":true,"href":"https:\/\/conference.crpa-acrp.ca\/fr\/wp-json\/wp\/v2\/users\/4"}],"replies":[{"embeddable":true,"href":"https:\/\/conference.crpa-acrp.ca\/fr\/wp-json\/wp\/v2\/comments?post=5939"}],"version-history":[{"count":50,"href":"https:\/\/conference.crpa-acrp.ca\/fr\/wp-json\/wp\/v2\/pages\/5939\/revisions"}],"predecessor-version":[{"id":8716,"href":"https:\/\/conference.crpa-acrp.ca\/fr\/wp-json\/wp\/v2\/pages\/5939\/revisions\/8716"}],"wp:attachment":[{"href":"https:\/\/conference.crpa-acrp.ca\/fr\/wp-json\/wp\/v2\/media?parent=5939"}],"curies":[{"name":"wp","href":"https:\/\/api.w.org\/{rel}","templated":true}]}}